{"id":221,"date":"2024-04-02T09:23:31","date_gmt":"2024-04-02T09:23:31","guid":{"rendered":"https:\/\/motywowanie.biz.pl\/?page_id=221"},"modified":"2024-04-02T09:23:31","modified_gmt":"2024-04-02T09:23:31","slug":"221-2","status":"publish","type":"page","link":"https:\/\/motywowanie.biz.pl\/","title":{"rendered":""},"content":{"rendered":"\n<div class=\"wp-block-image\"><figure class=\"alignleft size-large is-resized\"><img loading=\"lazy\" decoding=\"async\" src=\"https:\/\/motywowanie.biz.pl\/wp-content\/uploads\/2024\/04\/38.jpg\" alt=\"\" class=\"wp-image-222\" width=\"396\" height=\"520\"\/><\/figure><\/div>\n\n\n\n<p>Doradca biznesowy.<br>Organizuje szkolenia dla przedsiebiorc\u00f3w i mened\u017cer\u00f3w dzia\u0142\u00f3w zwi\u0105zanych z klientem. Jest akredytowanym trenerem <a href=\"https:\/\/www.szkolenia-integracyjne.pl\/\" data-type=\"URL\" data-id=\"https:\/\/www.szkolenia-integracyjne.pl\/\">Fundacji Training Projects<\/a>.<\/p>\n\n\n\n<p><strong>Prowadzi\u0142 szkolenia dla:<\/strong><\/p>\n\n\n\n<ul><li>Hurtap SA ,<\/li><li>Impexmetal SA ,<\/li><li>Orlen Asfalt sp. z o.o. ,<\/li><li>Gefco Polska sp. z o.o. ,<\/li><li>W\u0119glokoks Kraj sp. z o.o.,<\/li><li>Rehau sp. z o.o. ,<\/li><li>Kaczmarek Electric SA ,<\/li><li>Chipita Poland sp. z o.o.,<\/li><li>HJ Heinz Polska sp. z o.o. ,<\/li><li>Davis Poland sp. z o.o. sp.k.,<\/li><li>Reflex Polska sp. z o.o. sp.k.,<\/li><li>Polmotors sp. z o.o.,<\/li><li>Baterpol SA,<\/li><li>Keter Poland sp. z o.o.<\/li><\/ul>\n\n\n\n<p><strong>Wsp\u00f3\u0142prowadzi\u0142 treningi w projektach unijnych:<\/strong><\/p>\n\n\n\n<ul><li>Armatura regulacyjna w wodnych instalacjach grzewczych,<\/li><li>Drzwi wewn\u0119trzne &#8211; moda i funkcjonalno\u015b\u0107. Poradnik,<\/li><li>Eksploatacja wodoci\u0105g\u00f3w i kanalizacji. Podstawy prawne i naukowe wraz z przyk\u0142adami praktycznymi,<\/li><li>International business and global economy. Biznes mi\u0119dzynarodowy w gospodarce globalnej. Instytut Handlu Zagranicznego Uniwersytetu Gda\u0144skiego 32,<\/li><li>Kompozyty polianiliny o w\u0142a\u015bciwo\u015bciach termoelektrycznych,<\/li><li>Metrologia i chemometria w analityce \u015brodowiska,<\/li><li>Obr\u00f3bka ubytkowa. Technologia obr\u00f3bki wi\u00f3rowej, \u015bciernej i erozyjnej oraz system\u00f3w mikroelektromechanicznych,<\/li><li>Problemy rozwoju regionalnego i lokalnego. PN 393,<\/li><li>Strategie komunikacyjne wsp\u00f3\u0142czesnych organizacji,<\/li><li>Tw\u00f3rz w\u0142asne gry komputerowe w Pythonie,<\/li><li>Wyzwania gospodarki globalnej. Prace i materia\u0142y Instytutu Handlu Zagranicznego Uniwersytetu Gda\u0144skiego 31\/2,<\/li><li>Zarz\u0105dzanie i in\u017cynieria produkcji. Wybrane zagadnienia,<\/li><li>Przedszkolak z wyobra\u017ani\u0105,<\/li><li>\u015awietlica miejscem nowych mo\u017cliwo\u015bci,<\/li><li>\u015acie\u017ck\u0105 kultury i rekreacji w ciekawsze \u017cycie,<\/li><li>Era nowych technologii,<\/li><li>&#8222;Jurajscy stra\u017cacy z europejskimi kwalifikacjami,<\/li><li>Razem ra\u017aniej,<\/li><li>Senior XXI wieku \u2013 aktywny, otwarty, gotowy na nowe wyzwania!,<\/li><li>Aktywna wie\u015b &#8211; nowe umiej\u0119tno\u015bci, nowe perspektywy,<\/li><li>Anglo-przedszkolaki,<\/li><li>Mam prawo do mediacji,<\/li><li>Pi\u0119knie m\u00f3wi\u0119 &#8211; wszystko umiem!,<\/li><li>Wiem, umiem, rozumiem,<\/li><li>Kurs j\u0119zyka angielskiego i szkolenie dla mieszka\u0144c\u00f3w gminy Szyd\u0142\u00f3w,<\/li><li>Kreatywni w dzia\u0142aniu,<\/li><li>Jak wychowywa\u0107 m\u0105dre i szcz\u0119\u015bliwe dziecko \u2013 szkolenie dla rodzic\u00f3w z obszar\u00f3w wiejskich,<\/li><li>Ze mn\u0105 czuj si\u0119 bezpiecznie,<\/li><li>dla uczni\u00f3w Szko\u0142y Podstawowej w Mycielinie &#8222;,<\/li><li>M\u0142odzi in\u017cynierowie ,<\/li><li>Uniwersytet Gimnazjalisty,<\/li><li>AKTYWNI EDUKACYJNIE &#8211; AKTYWNI ZAWODOWO,<\/li><li>Angielski to przysz\u0142osc- kontynuacja,<\/li><li>Pszczelarstwo- pasja i spos\u00f3b na \u017cycie,<\/li><li>Podnoszenie kwalifikacji j\u0119zykowych i ICT \u017co\u0142nierzy zawodowych i pracownik\u00f3w wojska w woj. dolno\u015bl\u0105skim ,<\/li><li>Arena kluczowych mo\u017cliwo\u015bci,<\/li><li>Akademia Umiej\u0119tno\u015bci ,<\/li><li>START w przysz\u0142o\u015b\u0107,<\/li><li>CYFROWI= PRZEBOJOWI,<\/li><li>Roczny Plan Dzia\u0142ania Pomocy Technicznej PO KL 2007-2008, 2009 i 2010, Wojew\u00f3dzki Urz\u0105d Pracy w Zielonej G\u00f3rze,,<\/li><li>Roczny Plan Dzia\u0142ania PT POKL na 2011r. Roczny Plan Dzia\u0142ania PT POKL na 2012 r. Roczny plan Dzia\u0142ania PT POKL na 2013 r. Roczny Plan Dzia\u0142ania PT POKL na lata 2014-2015<\/li><\/ul>\n\n\n\n<p><strong>Wsp\u00f3\u0142autor ksi\u0105\u017cek:<\/strong> Barometr Regionalny. Analizy i Prognozy. Nr 1(23), Charakterystyka genotypowa i fenotypowa szczep\u00f3w Staphylococcus aureus izolowanych od dzieci chorych na mukowiscydoz\u0119, Elektroenergetyczne sieci terenowe. Wybrane zagadnienia, Hydraulika urz\u0105dze\u0144 wodoci\u0105gowych Tom 2, Koszty transakcyjne w energetyce wodnej, Metoda Bibliografii Polskiej Karola Estreichera, Odzysk i zagospodarowanie niskotemperaturowego ciep\u0142a odpadowego ze spalin wylotowych, Projektowanie element\u00f3w maszyn z wykorzystaniem programu Autodesk Inventor, Rzeczpospolita w koncepcjach polskich partii i \u015brodowisk politycznych XX i XXI wieku, Unia Europejska i wybrane pa\u0144stwa \u015bwiata wobec kryzysu migracyjnego, Zarys matematyki wy\u017cszej dla student\u00f3w. Cz\u0119\u015b\u0107 1, Znaczenie wykorzystania paliw alternatywnych w transporcie samochodowym dla rozwoju gospodarki nisko.<br>Posiada akredytacj\u0119: Global Advisory Diploma<\/p>\n","protected":false},"excerpt":{"rendered":"<p>Doradca biznesowy.Organizuje szkolenia dla przedsiebiorc\u00f3w i mened\u017cer\u00f3w dzia\u0142\u00f3w zwi\u0105zanych z klientem. Jest akredytowanym trenerem Fundacji Training Projects. Prowadzi\u0142 szkolenia dla: Hurtap SA , Impexmetal SA , Orlen Asfalt sp. z o.o. , Gefco Polska sp. z o.o. , W\u0119glokoks Kraj sp. z o.o., Rehau sp. z o.o. , Kaczmarek Electric SA , Chipita Poland sp. &hellip; <\/p>\n<p class=\"link-more\"><a href=\"https:\/\/motywowanie.biz.pl\/\" class=\"more-link\">Czytaj dalej<span class=\"screen-reader-text\"> \u201e\u201d<\/span><\/a><\/p>\n","protected":false},"author":1,"featured_media":0,"parent":0,"menu_order":0,"comment_status":"closed","ping_status":"closed","template":"","meta":{"footnotes":""},"_links":{"self":[{"href":"https:\/\/motywowanie.biz.pl\/index.php\/wp-json\/wp\/v2\/pages\/221"}],"collection":[{"href":"https:\/\/motywowanie.biz.pl\/index.php\/wp-json\/wp\/v2\/pages"}],"about":[{"href":"https:\/\/motywowanie.biz.pl\/index.php\/wp-json\/wp\/v2\/types\/page"}],"author":[{"embeddable":true,"href":"https:\/\/motywowanie.biz.pl\/index.php\/wp-json\/wp\/v2\/users\/1"}],"replies":[{"embeddable":true,"href":"https:\/\/motywowanie.biz.pl\/index.php\/wp-json\/wp\/v2\/comments?post=221"}],"version-history":[{"count":0,"href":"https:\/\/motywowanie.biz.pl\/index.php\/wp-json\/wp\/v2\/pages\/221\/revisions"}],"wp:attachment":[{"href":"https:\/\/motywowanie.biz.pl\/index.php\/wp-json\/wp\/v2\/media?parent=221"}],"curies":[{"name":"wp","href":"https:\/\/api.w.org\/{rel}","templated":true}]}}